{"id":14,"date":"2026-01-18T19:41:58","date_gmt":"2026-01-18T19:41:58","guid":{"rendered":"https:\/\/elalidera.com\/?page_id=14"},"modified":"2026-02-01T20:58:41","modified_gmt":"2026-02-01T20:58:41","slug":"home","status":"publish","type":"page","link":"https:\/\/elalidera.com\/","title":{"rendered":"Home"},"content":{"rendered":"\t\t<div data-elementor-type=\"wp-page\" data-elementor-id=\"14\" class=\"elementor elementor-14\" data-elementor-post-type=\"page\">\n\t\t\t\t<div class=\"elementor-element elementor-element-0ff503a e-flex e-con-boxed e-con e-parent\" data-id=\"0ff503a\" data-element_type=\"container\" data-e-type=\"container\" data-settings=\"{&quot;background_background&quot;:&quot;classic&quot;}\">\n\t\t\t\t\t<div class=\"e-con-inner\">\n\t\t\t\t<div class=\"elementor-element elementor-element-a05253e elementor-widget elementor-widget-image\" data-id=\"a05253e\" data-element_type=\"widget\" data-e-type=\"widget\" data-widget_type=\"image.default\">\n\t\t\t\t\t\t\t\t\t\t\t\t\t\t\t<img fetchpriority=\"high\" decoding=\"async\" width=\"463\" height=\"262\" src=\"https:\/\/elalidera.com\/wp-content\/uploads\/2026\/01\/logo-elalidera.png\" class=\"attachment-large size-large wp-image-23\" alt=\"\" srcset=\"https:\/\/elalidera.com\/wp-content\/uploads\/2026\/01\/logo-elalidera.png 463w, https:\/\/elalidera.com\/wp-content\/uploads\/2026\/01\/logo-elalidera-300x170.png 300w\" sizes=\"(max-width: 463px) 100vw, 463px\" \/>\t\t\t\t\t\t\t\t\t\t\t\t\t\t\t<\/div>\n\t\t\t\t<div class=\"elementor-element elementor-element-d882cbf elementor-widget elementor-widget-heading\" data-id=\"d882cbf\" data-element_type=\"widget\" data-e-type=\"widget\" data-widget_type=\"heading.default\">\n\t\t\t\t\t<h2 class=\"elementor-heading-title elementor-size-default\">Manifesto<\/h2>\t\t\t\t<\/div>\n\t\t\t\t<div class=\"elementor-element elementor-element-add3970 elementor-widget elementor-widget-text-editor\" data-id=\"add3970\" data-element_type=\"widget\" data-e-type=\"widget\" data-widget_type=\"text-editor.default\">\n\t\t\t\t\t\t\t\t\t<h3 data-start=\"496\" data-end=\"558\">Lideran\u00e7a feminina com consci\u00eancia, consequ\u00eancia e escolha<\/h3><p data-start=\"560\" data-end=\"633\"><strong data-start=\"560\" data-end=\"633\">Ela Lidera n\u00e3o nasceu para agradar.<br data-start=\"597\" data-end=\"600\" \/>Nasceu para sustentar escolhas.<\/strong><\/p><p data-start=\"635\" data-end=\"820\">N\u00e3o acreditamos em vitimismo travestido de lideran\u00e7a.<br data-start=\"688\" data-end=\"691\" \/>Nem em discursos bonitos que n\u00e3o se sustentam na pr\u00e1tica.<br data-start=\"748\" data-end=\"751\" \/>N\u00e3o confundimos palco com autoridade, nem visibilidade com resultado.<\/p><p data-start=\"822\" data-end=\"915\">Sabemos que liderar tem custo.<br data-start=\"852\" data-end=\"855\" \/>E tamb\u00e9m sabemos o que se ganha quando se assume esse custo.<\/p><p data-start=\"917\" data-end=\"1052\">Aqui, \u00e9tica n\u00e3o \u00e9 discurso \u2014 \u00e9 vantagem competitiva.<br data-start=\"969\" data-end=\"972\" \/>Ela constr\u00f3i reputa\u00e7\u00e3o, encurta caminhos e evita atalhos que cobram caro depois.<\/p><p data-start=\"1054\" data-end=\"1216\">N\u00e3o romantizamos a jornada.<br data-start=\"1081\" data-end=\"1084\" \/>Liderar tamb\u00e9m \u00e9 confrontar, dizer n\u00e3o, decepcionar e manter limites.<br data-start=\"1153\" data-end=\"1156\" \/>E quem sustenta limites ganha respeito, clareza e autonomia.<\/p><p data-start=\"1218\" data-end=\"1383\">N\u00e3o chamamos coniv\u00eancia de sororidade.<br data-start=\"1256\" data-end=\"1259\" \/>Mulheres que lideram n\u00e3o passam pano:<br data-start=\"1296\" data-end=\"1299\" \/>elas fortalecem umas \u00e0s outras com verdade, responsabilidade e maturidade emocional.<\/p><p data-start=\"1385\" data-end=\"1516\">Sabemos que nem toda mulher quer liderar.<br data-start=\"1426\" data-end=\"1429\" \/>E est\u00e1 tudo bem.<br data-start=\"1445\" data-end=\"1448\" \/>Mas quem escolhe esse lugar entende que ocupar espa\u00e7o exige entrega.<\/p><p data-start=\"1518\" data-end=\"1670\">No <em data-start=\"1521\" data-end=\"1533\">Ela Lidera<\/em>, sucesso n\u00e3o \u00e9 palco.<br data-start=\"1555\" data-end=\"1558\" \/>\u00c9 resultado com reputa\u00e7\u00e3o.<br data-start=\"1584\" data-end=\"1587\" \/>\u00c9 ganhar dinheiro sem negociar valores.<br data-start=\"1626\" data-end=\"1629\" \/>\u00c9 dormir em paz com as pr\u00f3prias escolhas.<\/p><p data-start=\"1672\" data-end=\"1808\">Escolher esse caminho traz vantagens claras:<br data-start=\"1716\" data-end=\"1719\" \/>menos ru\u00eddo, menos desgaste emocional,<br data-start=\"1757\" data-end=\"1760\" \/>mais foco, mais respeito e rela\u00e7\u00f5es mais limpas.<\/p><p data-start=\"1810\" data-end=\"1889\">Este n\u00e3o \u00e9 um espa\u00e7o para valida\u00e7\u00e3o f\u00e1cil.<br data-start=\"1852\" data-end=\"1855\" \/>\u00c9 um espa\u00e7o para crescimento real.<\/p><p data-start=\"1891\" data-end=\"2030\"><strong data-start=\"1891\" data-end=\"2030\">O Ela Lidera \u00e9 para mulheres que entendem<br data-start=\"1934\" data-end=\"1937\" \/>que lideran\u00e7a tem custo \u2014<br data-start=\"1962\" data-end=\"1965\" \/>e reconhecem o valor do que se ganha quando se paga esse pre\u00e7o.<\/strong><\/p><p data-start=\"2032\" data-end=\"2137\">Se isso n\u00e3o faz sentido para voc\u00ea, este lugar n\u00e3o \u00e9 obrigat\u00f3rio.<br data-start=\"2096\" data-end=\"2099\" \/>Se isso te representa, seja bem-vinda.<\/p>\t\t\t\t\t\t\t\t<\/div>\n\t\t\t\t<div class=\"elementor-element elementor-element-384ff5f elementor-widget elementor-widget-spacer\" data-id=\"384ff5f\" data-element_type=\"widget\" data-e-type=\"widget\" data-widget_type=\"spacer.default\">\n\t\t\t\t\t\t\t<div class=\"elementor-spacer\">\n\t\t\t<div class=\"elementor-spacer-inner\"><\/div>\n\t\t<\/div>\n\t\t\t\t\t\t<\/div>\n\t\t\t\t<div class=\"elementor-element elementor-element-c9da4de elementor-shape-rounded elementor-grid-0 e-grid-align-center elementor-widget elementor-widget-social-icons\" data-id=\"c9da4de\" data-element_type=\"widget\" data-e-type=\"widget\" data-widget_type=\"social-icons.default\">\n\t\t\t\t\t\t\t<div class=\"elementor-social-icons-wrapper elementor-grid\" role=\"list\">\n\t\t\t\t\t\t\t<span class=\"elementor-grid-item\" role=\"listitem\">\n\t\t\t\t\t<a class=\"elementor-icon elementor-social-icon elementor-social-icon-instagram elementor-repeater-item-0f357b1\" href=\"https:\/\/www.instagram.com\/_elalidera\/\" target=\"_blank\">\n\t\t\t\t\t\t<span class=\"elementor-screen-only\">Instagram<\/span>\n\t\t\t\t\t\t<svg aria-hidden=\"true\" class=\"e-font-icon-svg e-fab-instagram\" viewBox=\"0 0 448 512\" xmlns=\"http:\/\/www.w3.org\/2000\/svg\"><path d=\"M224.1 141c-63.6 0-114.9 51.3-114.9 114.9s51.3 114.9 114.9 114.9S339 319.5 339 255.9 287.7 141 224.1 141zm0 189.6c-41.1 0-74.7-33.5-74.7-74.7s33.5-74.7 74.7-74.7 74.7 33.5 74.7 74.7-33.6 74.7-74.7 74.7zm146.4-194.3c0 14.9-12 26.8-26.8 26.8-14.9 0-26.8-12-26.8-26.8s12-26.8 26.8-26.8 26.8 12 26.8 26.8zm76.1 27.2c-1.7-35.9-9.9-67.7-36.2-93.9-26.2-26.2-58-34.4-93.9-36.2-37-2.1-147.9-2.1-184.9 0-35.8 1.7-67.6 9.9-93.9 36.1s-34.4 58-36.2 93.9c-2.1 37-2.1 147.9 0 184.9 1.7 35.9 9.9 67.7 36.2 93.9s58 34.4 93.9 36.2c37 2.1 147.9 2.1 184.9 0 35.9-1.7 67.7-9.9 93.9-36.2 26.2-26.2 34.4-58 36.2-93.9 2.1-37 2.1-147.8 0-184.8zM398.8 388c-7.8 19.6-22.9 34.7-42.6 42.6-29.5 11.7-99.5 9-132.1 9s-102.7 2.6-132.1-9c-19.6-7.8-34.7-22.9-42.6-42.6-11.7-29.5-9-99.5-9-132.1s-2.6-102.7 9-132.1c7.8-19.6 22.9-34.7 42.6-42.6 29.5-11.7 99.5-9 132.1-9s102.7-2.6 132.1 9c19.6 7.8 34.7 22.9 42.6 42.6 11.7 29.5 9 99.5 9 132.1s2.7 102.7-9 132.1z\"><\/path><\/svg>\t\t\t\t\t<\/a>\n\t\t\t\t<\/span>\n\t\t\t\t\t\t\t<span class=\"elementor-grid-item\" role=\"listitem\">\n\t\t\t\t\t<a class=\"elementor-icon elementor-social-icon elementor-social-icon-linkedin elementor-repeater-item-93ebe4a\" href=\"https:\/\/www.linkedin.com\/company\/ela-lidera\/\" target=\"_blank\">\n\t\t\t\t\t\t<span class=\"elementor-screen-only\">Linkedin<\/span>\n\t\t\t\t\t\t<svg aria-hidden=\"true\" class=\"e-font-icon-svg e-fab-linkedin\" viewBox=\"0 0 448 512\" xmlns=\"http:\/\/www.w3.org\/2000\/svg\"><path d=\"M416 32H31.9C14.3 32 0 46.5 0 64.3v383.4C0 465.5 14.3 480 31.9 480H416c17.6 0 32-14.5 32-32.3V64.3c0-17.8-14.4-32.3-32-32.3zM135.4 416H69V202.2h66.5V416zm-33.2-243c-21.3 0-38.5-17.3-38.5-38.5S80.9 96 102.2 96c21.2 0 38.5 17.3 38.5 38.5 0 21.3-17.2 38.5-38.5 38.5zm282.1 243h-66.4V312c0-24.8-.5-56.7-34.5-56.7-34.6 0-39.9 27-39.9 54.9V416h-66.4V202.2h63.7v29.2h.9c8.9-16.8 30.6-34.5 62.9-34.5 67.2 0 79.7 44.3 79.7 101.9V416z\"><\/path><\/svg>\t\t\t\t\t<\/a>\n\t\t\t\t<\/span>\n\t\t\t\t\t\t\t<span class=\"elementor-grid-item\" role=\"listitem\">\n\t\t\t\t\t<a class=\"elementor-icon elementor-social-icon elementor-social-icon-envelope elementor-repeater-item-001520e\" href=\"mailto:elalideraexp@gmail.com\" target=\"_blank\">\n\t\t\t\t\t\t<span class=\"elementor-screen-only\">Envelope<\/span>\n\t\t\t\t\t\t<svg aria-hidden=\"true\" class=\"e-font-icon-svg e-fas-envelope\" viewBox=\"0 0 512 512\" xmlns=\"http:\/\/www.w3.org\/2000\/svg\"><path d=\"M502.3 190.8c3.9-3.1 9.7-.2 9.7 4.7V400c0 26.5-21.5 48-48 48H48c-26.5 0-48-21.5-48-48V195.6c0-5 5.7-7.8 9.7-4.7 22.4 17.4 52.1 39.5 154.1 113.6 21.1 15.4 56.7 47.8 92.2 47.6 35.7.3 72-32.8 92.3-47.6 102-74.1 131.6-96.3 154-113.7zM256 320c23.2.4 56.6-29.2 73.4-41.4 132.7-96.3 142.8-104.7 173.4-128.7 5.8-4.5 9.2-11.5 9.2-18.9v-19c0-26.5-21.5-48-48-48H48C21.5 64 0 85.5 0 112v19c0 7.4 3.4 14.3 9.2 18.9 30.6 23.9 40.7 32.4 173.4 128.7 16.8 12.2 50.2 41.8 73.4 41.4z\"><\/path><\/svg>\t\t\t\t\t<\/a>\n\t\t\t\t<\/span>\n\t\t\t\t\t<\/div>\n\t\t\t\t\t\t<\/div>\n\t\t\t\t<div class=\"elementor-element elementor-element-b64f143 elementor-widget elementor-widget-spacer\" data-id=\"b64f143\" data-element_type=\"widget\" data-e-type=\"widget\" data-widget_type=\"spacer.default\">\n\t\t\t\t\t\t\t<div class=\"elementor-spacer\">\n\t\t\t<div class=\"elementor-spacer-inner\"><\/div>\n\t\t<\/div>\n\t\t\t\t\t\t<\/div>\n\t\t\t\t\t<\/div>\n\t\t\t\t<\/div>\n\t\t\t\t<\/div>\n\t\t","protected":false},"excerpt":{"rendered":"<p>Manifesto Lideran\u00e7a feminina com consci\u00eancia, consequ\u00eancia e escolha Ela Lidera n\u00e3o nasceu para agradar.Nasceu para sustentar escolhas. N\u00e3o acreditamos em vitimismo travestido de lideran\u00e7a.Nem em discursos bonitos que n\u00e3o se sustentam na pr\u00e1tica.N\u00e3o confundimos palco com autoridade, nem visibilidade com resultado. Sabemos que liderar tem custo.E tamb\u00e9m sabemos o que se ganha quando se assume [&hellip;]<\/p>\n","protected":false},"author":1,"featured_media":0,"parent":0,"menu_order":0,"comment_status":"closed","ping_status":"closed","template":"elementor_canvas","meta":{"footnotes":""},"class_list":["post-14","page","type-page","status-publish","hentry"],"yoast_head":"<!-- This site is optimized with the Yoast SEO plugin v27.3 - https:\/\/yoast.com\/product\/yoast-seo-wordpress\/ -->\n<title>Home - Ela Lidera<\/title>\n<meta name=\"robots\" content=\"index, follow, max-snippet:-1, max-image-preview:large, max-video-preview:-1\" \/>\n<link rel=\"canonical\" href=\"https:\/\/elalidera.com\/\" \/>\n<meta property=\"og:locale\" content=\"pt_BR\" \/>\n<meta property=\"og:type\" content=\"article\" \/>\n<meta property=\"og:title\" content=\"Home - Ela Lidera\" \/>\n<meta property=\"og:description\" content=\"Manifesto Lideran\u00e7a feminina com consci\u00eancia, consequ\u00eancia e escolha Ela Lidera n\u00e3o nasceu para agradar.Nasceu para sustentar escolhas. N\u00e3o acreditamos em vitimismo travestido de lideran\u00e7a.Nem em discursos bonitos que n\u00e3o se sustentam na pr\u00e1tica.N\u00e3o confundimos palco com autoridade, nem visibilidade com resultado. Sabemos que liderar tem custo.E tamb\u00e9m sabemos o que se ganha quando se assume [&hellip;]\" \/>\n<meta property=\"og:url\" content=\"https:\/\/elalidera.com\/\" \/>\n<meta property=\"og:site_name\" content=\"Ela Lidera\" \/>\n<meta property=\"article:modified_time\" content=\"2026-02-01T20:58:41+00:00\" \/>\n<meta property=\"og:image\" content=\"https:\/\/elalidera.com\/wp-content\/uploads\/2026\/01\/logo-elalidera.png\" \/>\n\t<meta property=\"og:image:width\" content=\"463\" \/>\n\t<meta property=\"og:image:height\" content=\"262\" \/>\n\t<meta property=\"og:image:type\" content=\"image\/png\" \/>\n<meta name=\"twitter:card\" content=\"summary_large_image\" \/>\n<meta name=\"twitter:label1\" content=\"Est. tempo de leitura\" \/>\n\t<meta name=\"twitter:data1\" content=\"2 minutos\" \/>\n<script type=\"application\/ld+json\" class=\"yoast-schema-graph\">{\"@context\":\"https:\\\/\\\/schema.org\",\"@graph\":[{\"@type\":\"WebPage\",\"@id\":\"https:\\\/\\\/elalidera.com\\\/\",\"url\":\"https:\\\/\\\/elalidera.com\\\/\",\"name\":\"Home - Ela Lidera\",\"isPartOf\":{\"@id\":\"https:\\\/\\\/elalidera.com\\\/#website\"},\"primaryImageOfPage\":{\"@id\":\"https:\\\/\\\/elalidera.com\\\/#primaryimage\"},\"image\":{\"@id\":\"https:\\\/\\\/elalidera.com\\\/#primaryimage\"},\"thumbnailUrl\":\"https:\\\/\\\/elalidera.com\\\/wp-content\\\/uploads\\\/2026\\\/01\\\/logo-elalidera.png\",\"datePublished\":\"2026-01-18T19:41:58+00:00\",\"dateModified\":\"2026-02-01T20:58:41+00:00\",\"breadcrumb\":{\"@id\":\"https:\\\/\\\/elalidera.com\\\/#breadcrumb\"},\"inLanguage\":\"pt-BR\",\"potentialAction\":[{\"@type\":\"ReadAction\",\"target\":[\"https:\\\/\\\/elalidera.com\\\/\"]}]},{\"@type\":\"ImageObject\",\"inLanguage\":\"pt-BR\",\"@id\":\"https:\\\/\\\/elalidera.com\\\/#primaryimage\",\"url\":\"https:\\\/\\\/elalidera.com\\\/wp-content\\\/uploads\\\/2026\\\/01\\\/logo-elalidera.png\",\"contentUrl\":\"https:\\\/\\\/elalidera.com\\\/wp-content\\\/uploads\\\/2026\\\/01\\\/logo-elalidera.png\",\"width\":463,\"height\":262},{\"@type\":\"BreadcrumbList\",\"@id\":\"https:\\\/\\\/elalidera.com\\\/#breadcrumb\",\"itemListElement\":[{\"@type\":\"ListItem\",\"position\":1,\"name\":\"In\u00edcio\",\"item\":\"https:\\\/\\\/elalidera.com\\\/\"},{\"@type\":\"ListItem\",\"position\":2,\"name\":\"Home\"}]},{\"@type\":\"WebSite\",\"@id\":\"https:\\\/\\\/elalidera.com\\\/#website\",\"url\":\"https:\\\/\\\/elalidera.com\\\/\",\"name\":\"Ela Lidera\",\"description\":\"| Lideran\u00e7a feminina com consci\u00eancia e consequ\u00eancia\",\"publisher\":{\"@id\":\"https:\\\/\\\/elalidera.com\\\/#organization\"},\"potentialAction\":[{\"@type\":\"SearchAction\",\"target\":{\"@type\":\"EntryPoint\",\"urlTemplate\":\"https:\\\/\\\/elalidera.com\\\/?s={search_term_string}\"},\"query-input\":{\"@type\":\"PropertyValueSpecification\",\"valueRequired\":true,\"valueName\":\"search_term_string\"}}],\"inLanguage\":\"pt-BR\"},{\"@type\":\"Organization\",\"@id\":\"https:\\\/\\\/elalidera.com\\\/#organization\",\"name\":\"Ela Lidera\",\"url\":\"https:\\\/\\\/elalidera.com\\\/\",\"logo\":{\"@type\":\"ImageObject\",\"inLanguage\":\"pt-BR\",\"@id\":\"https:\\\/\\\/elalidera.com\\\/#\\\/schema\\\/logo\\\/image\\\/\",\"url\":\"https:\\\/\\\/elalidera.com\\\/wp-content\\\/uploads\\\/2026\\\/01\\\/logo-elalidera.png\",\"contentUrl\":\"https:\\\/\\\/elalidera.com\\\/wp-content\\\/uploads\\\/2026\\\/01\\\/logo-elalidera.png\",\"width\":463,\"height\":262,\"caption\":\"Ela Lidera\"},\"image\":{\"@id\":\"https:\\\/\\\/elalidera.com\\\/#\\\/schema\\\/logo\\\/image\\\/\"},\"sameAs\":[\"https:\\\/\\\/www.instagram.com\\\/elalidera.exp\\\/\"]}]}<\/script>\n<!-- \/ Yoast SEO plugin. -->","yoast_head_json":{"title":"Home - Ela Lidera","robots":{"index":"index","follow":"follow","max-snippet":"max-snippet:-1","max-image-preview":"max-image-preview:large","max-video-preview":"max-video-preview:-1"},"canonical":"https:\/\/elalidera.com\/","og_locale":"pt_BR","og_type":"article","og_title":"Home - Ela Lidera","og_description":"Manifesto Lideran\u00e7a feminina com consci\u00eancia, consequ\u00eancia e escolha Ela Lidera n\u00e3o nasceu para agradar.Nasceu para sustentar escolhas. N\u00e3o acreditamos em vitimismo travestido de lideran\u00e7a.Nem em discursos bonitos que n\u00e3o se sustentam na pr\u00e1tica.N\u00e3o confundimos palco com autoridade, nem visibilidade com resultado. Sabemos que liderar tem custo.E tamb\u00e9m sabemos o que se ganha quando se assume [&hellip;]","og_url":"https:\/\/elalidera.com\/","og_site_name":"Ela Lidera","article_modified_time":"2026-02-01T20:58:41+00:00","og_image":[{"width":463,"height":262,"url":"https:\/\/elalidera.com\/wp-content\/uploads\/2026\/01\/logo-elalidera.png","type":"image\/png"}],"twitter_card":"summary_large_image","twitter_misc":{"Est. tempo de leitura":"2 minutos"},"schema":{"@context":"https:\/\/schema.org","@graph":[{"@type":"WebPage","@id":"https:\/\/elalidera.com\/","url":"https:\/\/elalidera.com\/","name":"Home - Ela Lidera","isPartOf":{"@id":"https:\/\/elalidera.com\/#website"},"primaryImageOfPage":{"@id":"https:\/\/elalidera.com\/#primaryimage"},"image":{"@id":"https:\/\/elalidera.com\/#primaryimage"},"thumbnailUrl":"https:\/\/elalidera.com\/wp-content\/uploads\/2026\/01\/logo-elalidera.png","datePublished":"2026-01-18T19:41:58+00:00","dateModified":"2026-02-01T20:58:41+00:00","breadcrumb":{"@id":"https:\/\/elalidera.com\/#breadcrumb"},"inLanguage":"pt-BR","potentialAction":[{"@type":"ReadAction","target":["https:\/\/elalidera.com\/"]}]},{"@type":"ImageObject","inLanguage":"pt-BR","@id":"https:\/\/elalidera.com\/#primaryimage","url":"https:\/\/elalidera.com\/wp-content\/uploads\/2026\/01\/logo-elalidera.png","contentUrl":"https:\/\/elalidera.com\/wp-content\/uploads\/2026\/01\/logo-elalidera.png","width":463,"height":262},{"@type":"BreadcrumbList","@id":"https:\/\/elalidera.com\/#breadcrumb","itemListElement":[{"@type":"ListItem","position":1,"name":"In\u00edcio","item":"https:\/\/elalidera.com\/"},{"@type":"ListItem","position":2,"name":"Home"}]},{"@type":"WebSite","@id":"https:\/\/elalidera.com\/#website","url":"https:\/\/elalidera.com\/","name":"Ela Lidera","description":"| Lideran\u00e7a feminina com consci\u00eancia e consequ\u00eancia","publisher":{"@id":"https:\/\/elalidera.com\/#organization"},"potentialAction":[{"@type":"SearchAction","target":{"@type":"EntryPoint","urlTemplate":"https:\/\/elalidera.com\/?s={search_term_string}"},"query-input":{"@type":"PropertyValueSpecification","valueRequired":true,"valueName":"search_term_string"}}],"inLanguage":"pt-BR"},{"@type":"Organization","@id":"https:\/\/elalidera.com\/#organization","name":"Ela Lidera","url":"https:\/\/elalidera.com\/","logo":{"@type":"ImageObject","inLanguage":"pt-BR","@id":"https:\/\/elalidera.com\/#\/schema\/logo\/image\/","url":"https:\/\/elalidera.com\/wp-content\/uploads\/2026\/01\/logo-elalidera.png","contentUrl":"https:\/\/elalidera.com\/wp-content\/uploads\/2026\/01\/logo-elalidera.png","width":463,"height":262,"caption":"Ela Lidera"},"image":{"@id":"https:\/\/elalidera.com\/#\/schema\/logo\/image\/"},"sameAs":["https:\/\/www.instagram.com\/elalidera.exp\/"]}]}},"_links":{"self":[{"href":"https:\/\/elalidera.com\/index.php?rest_route=\/wp\/v2\/pages\/14","targetHints":{"allow":["GET"]}}],"collection":[{"href":"https:\/\/elalidera.com\/index.php?rest_route=\/wp\/v2\/pages"}],"about":[{"href":"https:\/\/elalidera.com\/index.php?rest_route=\/wp\/v2\/types\/page"}],"author":[{"embeddable":true,"href":"https:\/\/elalidera.com\/index.php?rest_route=\/wp\/v2\/users\/1"}],"replies":[{"embeddable":true,"href":"https:\/\/elalidera.com\/index.php?rest_route=%2Fwp%2Fv2%2Fcomments&post=14"}],"version-history":[{"count":11,"href":"https:\/\/elalidera.com\/index.php?rest_route=\/wp\/v2\/pages\/14\/revisions"}],"predecessor-version":[{"id":35,"href":"https:\/\/elalidera.com\/index.php?rest_route=\/wp\/v2\/pages\/14\/revisions\/35"}],"wp:attachment":[{"href":"https:\/\/elalidera.com\/index.php?rest_route=%2Fwp%2Fv2%2Fmedia&parent=14"}],"curies":[{"name":"wp","href":"https:\/\/api.w.org\/{rel}","templated":true}]}}